{"id":73,"date":"2020-05-08T19:24:24","date_gmt":"2020-05-08T17:24:24","guid":{"rendered":"http:\/\/speeddog.eu\/?page_id=73"},"modified":"2023-02-08T15:37:08","modified_gmt":"2023-02-08T13:37:08","slug":"yhteystiedot","status":"publish","type":"page","link":"https:\/\/speeddog.eu\/?page_id=73","title":{"rendered":"Yhteystiedot"},"content":{"rendered":"\n<p>PUH: +358 407297022<\/p>\n\n\n\n<p>S\u00e4hk\u00f6posti: speeddog.info@gmail.com<\/p>\n\n\n\n<p>Osoite: N\u00e4kkivaarantie 12, 97240 Sonka<\/p>\n\n\n\n<p>Facebook: <a href=\"https:\/\/www.facebook.com\/pg\/SPEEDDOG.eu\/posts\/?ref=page_internal\">https:\/\/www.facebook.com\/SPEEDDOG.eu<\/a><\/p>\n\n\n\n<p>Instagram: <a href=\"https:\/\/www.instagram.com\/speeddog.eu\/\" target=\"_blank\" rel=\"noreferrer noopener\">https:\/\/www.instagram.com\/speeddog.eu\/<\/a><\/p>\n\n\n\n<p><a href=\"http:\/\/m.me\/SPEEDDOG.eu\">Facebook-messenger<\/a><\/p>\n\n\n\n<p><\/p>\n","protected":false},"excerpt":{"rendered":"<p>PUH: +358 407297022 S\u00e4hk\u00f6posti: speeddog.info@gmail.com Osoite: N\u00e4kkivaarantie 12, 97240 Sonka Facebook: https:\/\/www.facebook.com\/SPEEDDOG.eu Instagram: https:\/\/www.instagram.com\/speeddog.eu\/ Facebook-messenger<\/p>\n","protected":false},"author":1,"featured_media":0,"parent":0,"menu_order":0,"comment_status":"closed","ping_status":"closed","template":"","meta":{"footnotes":""},"class_list":["post-73","page","type-page","status-publish","hentry"],"_links":{"self":[{"href":"https:\/\/speeddog.eu\/index.php?rest_route=\/wp\/v2\/pages\/73","targetHints":{"allow":["GET"]}}],"collection":[{"href":"https:\/\/speeddog.eu\/index.php?rest_route=\/wp\/v2\/pages"}],"about":[{"href":"https:\/\/speeddog.eu\/index.php?rest_route=\/wp\/v2\/types\/page"}],"author":[{"embeddable":true,"href":"https:\/\/speeddog.eu\/index.php?rest_route=\/wp\/v2\/users\/1"}],"replies":[{"embeddable":true,"href":"https:\/\/speeddog.eu\/index.php?rest_route=%2Fwp%2Fv2%2Fcomments&post=73"}],"version-history":[{"count":4,"href":"https:\/\/speeddog.eu\/index.php?rest_route=\/wp\/v2\/pages\/73\/revisions"}],"predecessor-version":[{"id":178,"href":"https:\/\/speeddog.eu\/index.php?rest_route=\/wp\/v2\/pages\/73\/revisions\/178"}],"wp:attachment":[{"href":"https:\/\/speeddog.eu\/index.php?rest_route=%2Fwp%2Fv2%2Fmedia&parent=73"}],"curies":[{"name":"wp","href":"https:\/\/api.w.org\/{rel}","templated":true}]}}