{"id":61,"date":"2020-05-08T20:14:33","date_gmt":"2020-05-08T18:14:33","guid":{"rendered":"http:\/\/speeddog.eu\/?page_id=61"},"modified":"2023-02-13T14:45:42","modified_gmt":"2023-02-13T12:45:42","slug":"verkkokauppaan","status":"publish","type":"page","link":"https:\/\/speeddog.eu\/?page_id=61","title":{"rendered":"Tuotteet"},"content":{"rendered":"\n<header>\n\t<strong><a href=\"https:\/\/holvi.com\/shop\/SPEEDDOG\/\">T\u00e4st\u00e4 verkkokauppaan!<\/a><\/strong>\n<br>\n<br>\nTuotteinamme ovat t\u00e4ll\u00e4 hetkell\u00e4 lohenp\u00e4\u00e4t sek\u00e4 koiranruokalohi (sis. lohen p\u00e4it\u00e4, pyrst\u00f6j\u00e4 ja ruotoja sen mukaan, mit\u00e4 on parhaiten saatavilla). <br>\nKuorma tulee pahvilaatikossa, joissa lohi on pakattu 20 kg pusseihin. Jotka on helppo siirt\u00e4\u00e4 suoraan pakastimeen. <br>\nPohjois-Suomeen toimitettaessa saat tarkan toimitusp\u00e4iv\u00e4m\u00e4\u00e4r\u00e4n tilauksen j\u00e4lkeen. <br> Etel\u00e4\u00e4n tulevista toimituksista toimitusajankohta on tiedossa muutaman p\u00e4iv\u00e4n tarkkuudella. \n<iframe style=\"width:300px;height:360px\" src=\"https:\/\/holvi.com\/shop\/SPEEDDOG\/product\/2f67a70f694e4289fa2904798c2d80ee\/embedded\/\" frameborder=\"0\"><\/iframe>\n<iframe style=\"width:300px;height:360px\" src=\"https:\/\/holvi.com\/shop\/SPEEDDOG\/product\/aa0da8a5973bda53721370d5a9a860f2\/embedded\/\" frameborder=\"0\"><\/iframe>\n<iframe style=\"width:300px;height:360px\" src=\"https:\/\/holvi.com\/shop\/SPEEDDOG\/product\/68fbb9c0ec190af0baf65a623929d471\/embedded\/\" frameborder=\"0\"><\/iframe>\n<iframe style=\"width:300px;height:360px\" src=\"https:\/\/holvi.com\/shop\/SPEEDDOG\/product\/4b5eda8ca22ac4248eb13a70220ca460\/embedded\/\" frameborder=\"0\"><\/iframe>\n<iframe style=\"width:300px;height:360px\" src=\"https:\/\/holvi.com\/shop\/SPEEDDOG\/product\/c8b38ada00279329e287cf53e4c040d5\/embedded\/\" frameborder=\"0\"><\/iframe>\n\t<br><br><br><br>\n<\/header>\n","protected":false},"excerpt":{"rendered":"<p>T\u00e4st\u00e4 verkkokauppaan! Tuotteinamme ovat t\u00e4ll\u00e4 hetkell\u00e4 lohenp\u00e4\u00e4t sek\u00e4 koiranruokalohi (sis. lohen p\u00e4it\u00e4, pyrst\u00f6j\u00e4 ja ruotoja sen mukaan, mit\u00e4 on parhaiten saatavilla). Kuorma tulee pahvilaatikossa, joissa lohi on pakattu 20 kg pusseihin. Jotka on helppo siirt\u00e4\u00e4 suoraan pakastimeen. Pohjois-Suomeen toimitettaessa saat tarkan toimitusp\u00e4iv\u00e4m\u00e4\u00e4r\u00e4n tilauksen j\u00e4lkeen. Etel\u00e4\u00e4n tulevista toimituksista toimitusajankohta on tiedossa muutaman p\u00e4iv\u00e4n tarkkuudella.<\/p>\n","protected":false},"author":1,"featured_media":0,"parent":0,"menu_order":0,"comment_status":"closed","ping_status":"closed","template":"","meta":{"footnotes":""},"class_list":["post-61","page","type-page","status-publish","hentry"],"_links":{"self":[{"href":"https:\/\/speeddog.eu\/index.php?rest_route=\/wp\/v2\/pages\/61","targetHints":{"allow":["GET"]}}],"collection":[{"href":"https:\/\/speeddog.eu\/index.php?rest_route=\/wp\/v2\/pages"}],"about":[{"href":"https:\/\/speeddog.eu\/index.php?rest_route=\/wp\/v2\/types\/page"}],"author":[{"embeddable":true,"href":"https:\/\/speeddog.eu\/index.php?rest_route=\/wp\/v2\/users\/1"}],"replies":[{"embeddable":true,"href":"https:\/\/speeddog.eu\/index.php?rest_route=%2Fwp%2Fv2%2Fcomments&post=61"}],"version-history":[{"count":19,"href":"https:\/\/speeddog.eu\/index.php?rest_route=\/wp\/v2\/pages\/61\/revisions"}],"predecessor-version":[{"id":212,"href":"https:\/\/speeddog.eu\/index.php?rest_route=\/wp\/v2\/pages\/61\/revisions\/212"}],"wp:attachment":[{"href":"https:\/\/speeddog.eu\/index.php?rest_route=%2Fwp%2Fv2%2Fmedia&parent=61"}],"curies":[{"name":"wp","href":"https:\/\/api.w.org\/{rel}","templated":true}]}}